{"id":54,"date":"2021-04-22T21:02:32","date_gmt":"2021-04-22T21:02:32","guid":{"rendered":"https:\/\/skubb.de\/cms\/?page_id=54"},"modified":"2021-04-29T19:51:54","modified_gmt":"2021-04-29T19:51:54","slug":"impressum","status":"publish","type":"page","link":"https:\/\/www.skubb.de\/en\/impressum\/","title":{"rendered":"Imprint"},"content":{"rendered":"<div   data-q_id=\"#Kontakt\"    class=\"vc_row wpb_row section vc_row-fluid  vc_custom_1619271968441 grid_section\" style=' padding-bottom:0px; text-align:left;'><div class=\"section_inner clearfix\"><div class='section_inner_margin clearfix'><div class=\"wpb_column vc_column_container vc_col-sm-12\"><div class=\"vc_column-inner\"><div class=\"wpb_wrapper\">\n\t<div class=\"wpb_text_column wpb_content_element\">\n\t\t<div class=\"wpb_wrapper\">\n\t\t\t<h2>Imprint<\/h2>\n\n\t\t<\/div> \n\t<\/div> <div class=\"separator  transparent\" style=\"margin-top: 10px;margin-bottom: 10px;\"><\/div>\n\n\t<div class=\"wpb_text_column wpb_content_element\">\n\t\t<div class=\"wpb_wrapper\">\n\t\t\t<p>Information according to \u00a7 5 TMG:<\/p>\n\n\t\t<\/div> \n\t<\/div> <div class=\"separator  transparent\" style=\"margin-top: 35px;margin-bottom: 0px;\"><\/div>\n\n\t<div class=\"wpb_text_column wpb_content_element  vc_custom_1619345925411\">\n\t\t<div class=\"wpb_wrapper\">\n\t\t\t<p><strong>SKUBB &amp; Partner Engineers<\/strong><br \/>\nEngineering f\u00fcr den Fahrzeugbau<br \/>\nLessingstra\u00dfe 79<br \/>\n13158 Berlin<\/p>\n\n\t\t<\/div> \n\t<\/div> \n\t<div class=\"wpb_text_column wpb_content_element  vc_custom_1619345934254\">\n\t\t<div class=\"wpb_wrapper\">\n\t\t\t<p><strong>Represented by:<\/strong><\/p>\n<p>Dipl.Ing.(FH) Marcus Barduhn<br \/>\nDipl.Ing.(FH) Sven Gr\u00fctzmacher<br \/>\nDipl.Ing.(FH) Reiner Skubb<\/p>\n\n\t\t<\/div> \n\t<\/div> \n\t<div class=\"wpb_text_column wpb_content_element  vc_custom_1619345941070\">\n\t\t<div class=\"wpb_wrapper\">\n\t\t\t<p><strong>Contact:<\/strong><\/p>\n<p>Fon: +49 &#8211; (0)30 &#8211; 69 80 74 30<br \/>\nFax: +49 &#8211; (0)30 &#8211; 69 80 74 50<br \/>\nE-Mail: <a href=\"mailto:info@skubb.de\">info@skubb.de<\/a><br \/>\nInternet: <a href=\"https:\/\/www.skubb.de\/en\/\">https:\/\/www.skubb.de<\/a><\/p>\n\n\t\t<\/div> \n\t<\/div> \n\t<div class=\"wpb_text_column wpb_content_element  vc_custom_1619345947755\">\n\t\t<div class=\"wpb_wrapper\">\n\t\t\t<p><strong>Register entry:<\/strong><\/p>\n<p>Entry in the partnership register\nRegister court: Charlottenburg Local Court\nRegister number: PR 227<br \/>\nRegistergericht: Amtsgericht Charlottenburg<br \/>\nRegisternummer: PR 227<\/p>\n\n\t\t<\/div> \n\t<\/div> \n\t<div class=\"wpb_text_column wpb_content_element  vc_custom_1619345954436\">\n\t\t<div class=\"wpb_wrapper\">\n\t\t\t<p><strong>Sales tax ID:<\/strong><\/p>\n<p>Sales tax identification number according to \u00a7 27 a sales tax law:<br \/>\nDE 813350902<\/p>\n\n\t\t<\/div> \n\t<\/div> <\/div><\/div><\/div><\/div><\/div><\/div><div      class=\"vc_row wpb_row section vc_row-fluid  vc_custom_1619268065665\" style=' text-align:left;'><div class=\"full_section_inner clearfix\"><div class=\"wpb_column vc_column_container vc_col-sm-12\"><div class=\"vc_column-inner\"><div class=\"wpb_wrapper\"><div      class=\"vc_row wpb_row section vc_row-fluid vc_inner  grid_section\" style=' text-align:left;'><div class=\"section_inner clearfix\"><div class='section_inner_margin clearfix'><div class=\"wpb_column vc_column_container vc_col-sm-12\"><div class=\"vc_column-inner\"><div class=\"wpb_wrapper\">\n\t<div class=\"wpb_text_column wpb_content_element\">\n\t\t<div class=\"wpb_wrapper\">\n\t\t\t<h5><span style=\"color: #000000;\">Disclaimer<\/span><\/h5>\n\n\t\t<\/div> \n\t<\/div> <div class=\"separator  transparent\" style=\"margin-top: 5px;margin-bottom: 5px;\"><\/div>\n\n\t<div class=\"wpb_text_column wpb_content_element  vc_custom_1619274612104\">\n\t\t<div class=\"wpb_wrapper\">\n\t\t\t<p class=\"headline-margin-top\"><strong>Liability for content<\/strong><\/p>\n<p>The content of our website has been created with the utmost care. However, we cannot assume any liability for the accuracy, completeness and topicality of the content. As a service provider, we are responsible for our own content on these pages in accordance with \u00a7 7 para. 1 TMG (German Telemedia Act) and general laws. According to \u00a7\u00a7 8 to 10 TMG, however, we as a service provider are not obliged to monitor transmitted or stored third-party information or to investigate circumstances that indicate illegal activity. Obligations to remove or block the use of information in accordance with general legislation remain unaffected by this. However, liability in this respect is only possible from the time of knowledge of a specific infringement. As soon as we become aware of such infringements, we will remove this content immediately.<\/p>\n\n\t\t<\/div> \n\t<\/div> \n\t<div class=\"wpb_text_column wpb_content_element  vc_custom_1619274624481\">\n\t\t<div class=\"wpb_wrapper\">\n\t\t\t<p><strong>Liability for links<\/strong><\/p>\n<p>Our website contains links to external third-party websites over whose content we have no influence. Therefore, we cannot accept any liability for this third-party content. The respective provider or operator of the pages is always responsible for the content of the linked pages. The linked pages were checked for possible legal violations at the time of linking. Illegal content was not recognizable at the time of linking. However, permanent monitoring of the content of the linked pages is not reasonable without concrete evidence of an infringement. If we become aware of any legal infringements, we will remove such links immediately.<\/p>\n\n\t\t<\/div> \n\t<\/div> \n\t<div class=\"wpb_text_column wpb_content_element  vc_custom_1619274630128\">\n\t\t<div class=\"wpb_wrapper\">\n\t\t\t<p><strong>Copyright<\/strong><\/p>\n<p>The content and works created by the site operators on these pages are subject to German copyright law. Duplication, processing, distribution and any kind of exploitation outside the limits of copyright law require the written consent of the respective author or creator. Downloads and copies of this site are only permitted for private, non-commercial use. Insofar as the content on this site was not created by the operator, the copyrights of third parties are respected. In particular, third-party content is identified as such. Should you nevertheless become aware of a copyright infringement, please inform us accordingly. If we become aware of any infringements, we will remove such content immediately.<\/p>\n\n\t\t<\/div> \n\t<\/div> <\/div><\/div><\/div><\/div><\/div><\/div><\/div><\/div><\/div><\/div><\/div>","protected":false},"excerpt":{"rendered":"Impressum Angaben gem\u00e4\u00df \u00a7 5 TMG: SKUBB &amp; Partner Ingenieure Engineering f\u00fcr den Fahrzeugbau Lessingstra\u00dfe 79 13158 Berlin Vertreten durch: Dipl.Ing.(FH) Marcus Barduhn Dipl.Ing.(FH) Sven Gr\u00fctzmacher Dipl.Ing.(FH) Reiner Skubb Kontakt: Fon: +49 - (0)30 - 69 80 74 30 Fax: +49 - (0)30 - 69...","protected":false},"author":1,"featured_media":0,"parent":0,"menu_order":0,"comment_status":"closed","ping_status":"closed","template":"","meta":{"footnotes":""},"class_list":["post-54","page","type-page","status-publish","hentry"],"_links":{"self":[{"href":"https:\/\/www.skubb.de\/en\/wp-json\/wp\/v2\/pages\/54","targetHints":{"allow":["GET"]}}],"collection":[{"href":"https:\/\/www.skubb.de\/en\/wp-json\/wp\/v2\/pages"}],"about":[{"href":"https:\/\/www.skubb.de\/en\/wp-json\/wp\/v2\/types\/page"}],"author":[{"embeddable":true,"href":"https:\/\/www.skubb.de\/en\/wp-json\/wp\/v2\/users\/1"}],"replies":[{"embeddable":true,"href":"https:\/\/www.skubb.de\/en\/wp-json\/wp\/v2\/comments?post=54"}],"version-history":[{"count":31,"href":"https:\/\/www.skubb.de\/en\/wp-json\/wp\/v2\/pages\/54\/revisions"}],"predecessor-version":[{"id":190,"href":"https:\/\/www.skubb.de\/en\/wp-json\/wp\/v2\/pages\/54\/revisions\/190"}],"wp:attachment":[{"href":"https:\/\/www.skubb.de\/en\/wp-json\/wp\/v2\/media?parent=54"}],"curies":[{"name":"wp","href":"https:\/\/api.w.org\/{rel}","templated":true}]}}