{"id":5,"date":"2021-04-22T19:20:42","date_gmt":"2021-04-22T19:20:42","guid":{"rendered":"https:\/\/skubb.de\/cms\/?page_id=5"},"modified":"2025-04-08T16:46:06","modified_gmt":"2025-04-08T16:46:06","slug":"welcome","status":"publish","type":"page","link":"https:\/\/www.skubb.de\/en\/","title":{"rendered":"welcome"},"content":{"rendered":"<div      class=\"vc_row wpb_row section vc_row-fluid\" style='background-color:#2b4390;background-image:url(https:\/\/www.skubb.de\/wp-content\/uploads\/2021\/05\/start_05.jpg); padding-top:50px; text-align:left;'><div class=\"full_section_inner clearfix\"><div class=\"wpb_column vc_column_container vc_col-sm-12\"><div class=\"vc_column-inner\"><div class=\"wpb_wrapper\"><div      class=\"vc_row wpb_row section vc_row-fluid vc_inner  grid_section\" style=' text-align:left;'><div class=\"section_inner clearfix\"><div class='section_inner_margin clearfix'><div class=\"wpb_column vc_column_container vc_col-sm-12\"><div class=\"vc_column-inner\"><div class=\"wpb_wrapper\"><div class='q_elements_holder one_column responsive_mode_from_768 alignment_one_column_center' ><div class='q_elements_item' data-animation='no' data-item-class='q_elements_holder_custom_862944' style='vertical-align:middle;text-align:center;'><div class='q_elements_item_inner'><div class='q_elements_item_content q_elements_holder_custom_862944'>\n\t<div class=\"wpb_text_column wpb_content_element  vc_custom_1620416140807\">\n\t\t<div class=\"wpb_wrapper\">\n\t\t\t<h2 style=\"text-align: center;\"><span style=\"color: #ffffff;\"><div class=\"separator  transparent center\" style=\"margin-top: 30px;margin-bottom: 30px;\"><\/div>\nClassic engineering services for mechanical and vehicle engineering. For SMEs and industry. Reliable and flexible. Since 1994.<\/span><\/h2>\n\n\t\t<\/div> \n\t<\/div> <\/div><\/div><\/div><\/div><\/div><\/div><\/div><\/div><\/div><\/div><\/div><\/div><\/div><\/div><\/div><div      class=\"vc_row wpb_row section vc_row-fluid  vc_custom_1619726114045 grid_section\" style='background-color:#ffffff; padding-top:68px; padding-bottom:0px; text-align:left;'><div class=\"section_inner clearfix\"><div class='section_inner_margin clearfix'><div class=\"wpb_column vc_column_container vc_col-sm-12\"><div class=\"vc_column-inner\"><div class=\"wpb_wrapper\">\n\t<div class=\"wpb_text_column wpb_content_element\">\n\t\t<div class=\"wpb_wrapper\">\n\t\t\t<p style=\"text-align: left;\">You can expect an open-minded, highly motivated and well-coordinated team that is personally committed to your goals and projects. We develop individual, detailed solutions to problems across the entire spectrum of mechanical engineering. We are recognized experts in engineering for vehicle and rail vehicle construction.<\/p>\n\n\t\t<\/div> \n\t<\/div> <\/div><\/div><\/div><\/div><\/div><\/div><div   data-q_id=\"#Kompetenzen\"    class=\"vc_row wpb_row section vc_row-fluid  vc_custom_1619726201564 grid_section\" style='background-color:#efefef; padding-bottom:0px; text-align:left;'><div class=\"section_inner clearfix\"><div class='section_inner_margin clearfix'><div class=\"wpb_column vc_column_container vc_col-sm-12\"><div class=\"vc_column-inner\"><div class=\"wpb_wrapper\">\n\t<div class=\"wpb_text_column wpb_content_element\">\n\t\t<div class=\"wpb_wrapper\">\n\t\t\t<h2 style=\"text-align: left;\">Our expertise<\/h2>\n\n\t\t<\/div> \n\t<\/div> <div class=\"separator  transparent\" style=\"margin-top: 10px;margin-bottom: 10px;\"><\/div>\n\n\t<div class=\"wpb_text_column wpb_content_element\">\n\t\t<div class=\"wpb_wrapper\">\n\t\t\t<p style=\"text-align: left;\">In close consultation with you, we design for you on high-performance 2D\/3D CAD systems using CATIA V5, HiCADnext or AutoCAD. Common file formats, such as STEP, DWG or IGES, guarantee problem-free data handling.<\/p>\n\n\t\t<\/div> \n\t<\/div> <div class=\"separator  transparent\" style=\"margin-top: 66px;margin-bottom: 0px;\"><\/div>\n<div      class=\"vc_row wpb_row section vc_row-fluid vc_inner\" style=' text-align:left;'><div class=\"full_section_inner clearfix\"><div class=\"wpb_column vc_column_container vc_col-sm-6\"><div class=\"vc_column-inner vc_custom_1619726029159\"><div class=\"wpb_wrapper\">\n\t<div class=\"wpb_text_column wpb_content_element\">\n\t\t<div class=\"wpb_wrapper\">\n\t\t\t<h5><span style=\"color: #000000;\">Mechanical engineering<\/span><\/h5>\n\n\t\t<\/div> \n\t<\/div> <div class=\"separator  transparent\" style=\"margin-top: 10px;margin-bottom: 0px;\"><\/div>\n\n\t<div class=\"wpb_text_column wpb_content_element\">\n\t\t<div class=\"wpb_wrapper\">\n\t\t\t<p>Engineering services for mechanical assemblies in vehicle and mechanical engineering, design of steel and aluminum structures as well as sheet metal structures in welded, bolted or bonded design<\/p>\n\n\t\t<\/div> \n\t<\/div> <\/div><\/div><\/div><div class=\"wpb_column vc_column_container vc_col-sm-6\"><div class=\"vc_column-inner vc_custom_1619726037069\"><div class=\"wpb_wrapper\">\n\t<div class=\"wpb_text_column wpb_content_element\">\n\t\t<div class=\"wpb_wrapper\">\n\t\t\t<h5><span style=\"color: #000000;\">Electromechanical engineering<\/span><\/h5>\n\n\t\t<\/div> \n\t<\/div> <div class=\"separator  transparent\" style=\"margin-top: 10px;margin-bottom: 0px;\"><\/div>\n\n\t<div class=\"wpb_text_column wpb_content_element\">\n\t\t<div class=\"wpb_wrapper\">\n\t\t\t<p>Planning electrical pre-assembly units<\/p>\n\n\t\t<\/div> \n\t<\/div> <\/div><\/div><\/div><\/div><\/div><\/div><\/div><\/div><\/div><\/div><\/div><div   data-q_id=\"#portfolio\"    class=\"vc_row wpb_row section vc_row-fluid  grid_section\" style='background-color:#efefef; padding-bottom:0px; text-align:left;'><div class=\"section_inner clearfix\"><div class='section_inner_margin clearfix'><div class=\"wpb_column vc_column_container vc_col-sm-12\"><div class=\"vc_column-inner\"><div class=\"wpb_wrapper\"><div      class=\"vc_row wpb_row section vc_row-fluid vc_inner\" style=' text-align:left;'><div class=\"full_section_inner clearfix\"><div class=\"wpb_column vc_column_container vc_col-sm-6\"><div class=\"vc_column-inner vc_custom_1619726046361\"><div class=\"wpb_wrapper\">\n\t<div class=\"wpb_text_column wpb_content_element\">\n\t\t<div class=\"wpb_wrapper\">\n\t\t\t<h5><span style=\"color: #000000;\">Plastics technology<\/span><\/h5>\n\n\t\t<\/div> \n\t<\/div> <div class=\"separator  transparent\" style=\"margin-top: 10px;margin-bottom: 0px;\"><\/div>\n\n\t<div class=\"wpb_text_column wpb_content_element\">\n\t\t<div class=\"wpb_wrapper\">\n\t\t\t<p>Development of plastic molded parts, also using composite materials<\/p>\n\n\t\t<\/div> \n\t<\/div> <\/div><\/div><\/div><div class=\"wpb_column vc_column_container vc_col-sm-6\"><div class=\"vc_column-inner vc_custom_1619726054675\"><div class=\"wpb_wrapper\">\n\t<div class=\"wpb_text_column wpb_content_element\">\n\t\t<div class=\"wpb_wrapper\">\n\t\t\t<h5><span style=\"color: #000000;\">Model making<\/span><\/h5>\n\n\t\t<\/div> \n\t<\/div> <div class=\"separator  transparent\" style=\"margin-top: 10px;margin-bottom: 0px;\"><\/div>\n\n\t<div class=\"wpb_text_column wpb_content_element\">\n\t\t<div class=\"wpb_wrapper\">\n\t\t\t<p>Creation of digital 3D mock-up, implementation support for 1:1 models<\/p>\n\n\t\t<\/div> \n\t<\/div> <\/div><\/div><\/div><\/div><\/div><\/div><\/div><\/div><\/div><\/div><\/div><div   data-q_id=\"#portfolio\"    class=\"vc_row wpb_row section vc_row-fluid  vc_custom_1619726170242 grid_section\" style='background-color:#efefef; padding-bottom:0px; text-align:left;'><div class=\"section_inner clearfix\"><div class='section_inner_margin clearfix'><div class=\"wpb_column vc_column_container vc_col-sm-12\"><div class=\"vc_column-inner\"><div class=\"wpb_wrapper\"><div      class=\"vc_row wpb_row section vc_row-fluid vc_inner\" style=' text-align:left;'><div class=\"full_section_inner clearfix\"><div class=\"wpb_column vc_column_container vc_col-sm-6\"><div class=\"vc_column-inner vc_custom_1619726063406\"><div class=\"wpb_wrapper\">\n\t<div class=\"wpb_text_column wpb_content_element\">\n\t\t<div class=\"wpb_wrapper\">\n\t\t\t<h5><span style=\"color: #000000;\">Production support <\/span><\/h5>\n\n\t\t<\/div> \n\t<\/div> <div class=\"separator  transparent\" style=\"margin-top: 10px;margin-bottom: 0px;\"><\/div>\n\n\t<div class=\"wpb_text_column wpb_content_element\">\n\t\t<div class=\"wpb_wrapper\">\n\t\t\t<p>Construction support in the project realization phase, change management<\/p>\n\n\t\t<\/div> \n\t<\/div> <\/div><\/div><\/div><div class=\"wpb_column vc_column_container vc_col-sm-6\"><div class=\"vc_column-inner vc_custom_1619726071034\"><div class=\"wpb_wrapper\">\n\t<div class=\"wpb_text_column wpb_content_element\">\n\t\t<div class=\"wpb_wrapper\">\n\t\t\t<h5><span style=\"color: #000000;\">Technical documentation<\/span><\/h5>\n\n\t\t<\/div> \n\t<\/div> <div class=\"separator  transparent\" style=\"margin-top: 10px;margin-bottom: 0px;\"><\/div>\n\n\t<div class=\"wpb_text_column wpb_content_element\">\n\t\t<div class=\"wpb_wrapper\">\n\t\t\t<p>Creation of technical reports and operating instructions, manuals, document management<\/p>\n\n\t\t<\/div> \n\t<\/div> <\/div><\/div><\/div><\/div><\/div>\n\t<div class=\"wpb_text_column wpb_content_element  vc_custom_1619725483940\">\n\t\t<div class=\"wpb_wrapper\">\n\t\t\t<p>For further information, please do not hesitate to contact us. We look forward to hearing from you.<\/p>\n\n\t\t<\/div> \n\t<\/div> <\/div><\/div><\/div><\/div><\/div><\/div><div   data-q_id=\"#Kontakt\"    class=\"vc_row wpb_row section vc_row-fluid  vc_custom_1619726127354 grid_section\" style='background-color:#ffffff; padding-bottom:0px; text-align:left;'><div class=\"section_inner clearfix\"><div class='section_inner_margin clearfix'><div class=\"wpb_column vc_column_container vc_col-sm-6\"><div class=\"vc_column-inner\"><div class=\"wpb_wrapper\">\n\t<div class=\"wpb_text_column wpb_content_element\">\n\t\t<div class=\"wpb_wrapper\">\n\t\t\t<h2>Contact us<\/h2>\n\n\t\t<\/div> \n\t<\/div> <div class=\"separator  transparent\" style=\"margin-top: 10px;margin-bottom: 10px;\"><\/div>\n\n\t<div class=\"wpb_text_column wpb_content_element\">\n\t\t<div class=\"wpb_wrapper\">\n\t\t\t<p>SKUBB &amp; Partner Engineers<br \/>\nEngineering f\u00fcr den Fahrzeugbau<br \/>\nLessingstra\u00dfe 79<br \/>\n13158 Berlin<\/p>\n\n\t\t<\/div> \n\t<\/div> <div class=\"separator  transparent\" style=\"margin-top: 35px;margin-bottom: 0px;\"><\/div>\n\n\t<div class=\"wpb_text_column wpb_content_element\">\n\t\t<div class=\"wpb_wrapper\">\n\t\t\t<p>Fon +49 &#8211; (0)30 &#8211; 69 80 74 30<br \/>\nFax +49 &#8211; (0)30 &#8211; 69 80 74 50<br \/>\nE-Mail: <a href=\"mailto:info@skubb.de\">info@skubb.de<\/a><\/p>\n\n\t\t<\/div> \n\t<\/div> <div class=\"separator  transparent\" style=\"margin-top: 35px;margin-bottom: 0px;\"><\/div>\n\n\t<div class=\"wpb_text_column wpb_content_element\">\n\t\t<div class=\"wpb_wrapper\">\n\t\t\t<p><a href=\"https:\/\/de.linkedin.com\/company\/skubb-partner-ingenieure\" target=\"_blank\" rel=\"noopener\"><img loading=\"lazy\" decoding=\"async\" class=\"alignnone size-medium wp-image-234\" src=\"https:\/\/www.skubb.de\/wp-content\/uploads\/2025\/04\/LI-Logo-300x73.png\" alt=\"\" width=\"130\" height=\"32\" srcset=\"https:\/\/www.skubb.de\/wp-content\/uploads\/2025\/04\/LI-Logo-300x73.png 300w, https:\/\/www.skubb.de\/wp-content\/uploads\/2025\/04\/LI-Logo-1024x250.png 1024w, https:\/\/www.skubb.de\/wp-content\/uploads\/2025\/04\/LI-Logo-768x187.png 768w, https:\/\/www.skubb.de\/wp-content\/uploads\/2025\/04\/LI-Logo-1536x375.png 1536w, https:\/\/www.skubb.de\/wp-content\/uploads\/2025\/04\/LI-Logo-2048x500.png 2048w, https:\/\/www.skubb.de\/wp-content\/uploads\/2025\/04\/LI-Logo-18x4.png 18w, https:\/\/www.skubb.de\/wp-content\/uploads\/2025\/04\/LI-Logo-700x171.png 700w\" sizes=\"auto, (max-width: 130px) 100vw, 130px\" \/><\/a><\/p>\n\n\t\t<\/div> \n\t<\/div> <\/div><\/div><\/div><div class=\"wpb_column vc_column_container vc_col-sm-6\"><div class=\"vc_column-inner\"><div class=\"wpb_wrapper\"><\/div><\/div><\/div><\/div><\/div><\/div>","protected":false},"excerpt":{"rendered":"Klassische Ingenieur-Dienstleistungen f\u00fcr den Maschinen- und Fahrzeugbau. F\u00fcr Mittelstand und Industrie. Zuverl\u00e4ssig und flexibel. Seit 1994. Es erwartet Sie ein aufgeschlossenes, hoch motiviertes und bestens eingespieltes Team, das sich pers\u00f6nlich f\u00fcr Ihre Ziele und Projekte einsetzt. Wir entwickeln individuelle, detaillierte Probleml\u00f6sungen im gesamten Spektrum des...","protected":false},"author":1,"featured_media":0,"parent":0,"menu_order":0,"comment_status":"closed","ping_status":"closed","template":"full_width.php","meta":{"footnotes":""},"class_list":["post-5","page","type-page","status-publish","hentry"],"_links":{"self":[{"href":"https:\/\/www.skubb.de\/en\/wp-json\/wp\/v2\/pages\/5","targetHints":{"allow":["GET"]}}],"collection":[{"href":"https:\/\/www.skubb.de\/en\/wp-json\/wp\/v2\/pages"}],"about":[{"href":"https:\/\/www.skubb.de\/en\/wp-json\/wp\/v2\/types\/page"}],"author":[{"embeddable":true,"href":"https:\/\/www.skubb.de\/en\/wp-json\/wp\/v2\/users\/1"}],"replies":[{"embeddable":true,"href":"https:\/\/www.skubb.de\/en\/wp-json\/wp\/v2\/comments?post=5"}],"version-history":[{"count":123,"href":"https:\/\/www.skubb.de\/en\/wp-json\/wp\/v2\/pages\/5\/revisions"}],"predecessor-version":[{"id":237,"href":"https:\/\/www.skubb.de\/en\/wp-json\/wp\/v2\/pages\/5\/revisions\/237"}],"wp:attachment":[{"href":"https:\/\/www.skubb.de\/en\/wp-json\/wp\/v2\/media?parent=5"}],"curies":[{"name":"wp","href":"https:\/\/api.w.org\/{rel}","templated":true}]}}