{"id":128,"date":"2021-04-24T13:59:04","date_gmt":"2021-04-24T13:59:04","guid":{"rendered":"https:\/\/skubb.de\/cms\/?page_id=128"},"modified":"2025-03-28T11:19:04","modified_gmt":"2025-03-28T11:19:04","slug":"datenschutz","status":"publish","type":"page","link":"https:\/\/www.skubb.de\/en\/datenschutz\/","title":{"rendered":"Data protection"},"content":{"rendered":"<div   data-q_id=\"#Kontakt\"    class=\"vc_row wpb_row section vc_row-fluid  vc_custom_1619273314020 grid_section\" style=' padding-bottom:0px; text-align:left;'><div class=\"section_inner clearfix\"><div class='section_inner_margin clearfix'><div class=\"wpb_column vc_column_container vc_col-sm-12\"><div class=\"vc_column-inner\"><div class=\"wpb_wrapper\">\n\t<div class=\"wpb_text_column wpb_content_element\">\n\t\t<div class=\"wpb_wrapper\">\n\t\t\t<h2>Privacy policy<\/h2>\n\n\t\t<\/div> \n\t<\/div> <div class=\"separator  transparent\" style=\"margin-top: 10px;margin-bottom: 10px;\"><\/div>\n\n\t<div class=\"wpb_text_column wpb_content_element\">\n\t\t<div class=\"wpb_wrapper\">\n\t\t\t<p><a href=\"https:\/\/www.skubb.de\/wp-content\/uploads\/2021\/04\/2018-05-25-datenschutzerklaerung.pdf\">Download the latest version of our privacy policy 2018-05-25<\/a><\/p>\n\n\t\t<\/div> \n\t<\/div> <\/div><\/div><\/div><\/div><\/div><\/div><div      class=\"vc_row wpb_row section vc_row-fluid  vc_custom_1619275061582\" style=' text-align:left;'><div class=\"full_section_inner clearfix\"><div class=\"wpb_column vc_column_container vc_col-sm-12\"><div class=\"vc_column-inner\"><div class=\"wpb_wrapper\"><div      class=\"vc_row wpb_row section vc_row-fluid vc_inner  grid_section\" style=' text-align:left;'><div class=\"section_inner clearfix\"><div class='section_inner_margin clearfix'><div class=\"wpb_column vc_column_container vc_col-sm-12\"><div class=\"vc_column-inner\"><div class=\"wpb_wrapper\">\n\t<div class=\"wpb_text_column wpb_content_element\">\n\t\t<div class=\"wpb_wrapper\">\n\t\t\t<h5><span style=\"color: #000000;\">1. Data protection at a glance<\/span><\/h5>\n\n\t\t<\/div> \n\t<\/div> <div class=\"separator  transparent\" style=\"margin-top: 5px;margin-bottom: 5px;\"><\/div>\n\n\t<div class=\"wpb_text_column wpb_content_element  vc_custom_1619273397617\">\n\t\t<div class=\"wpb_wrapper\">\n\t\t\t<p><strong>General information<\/strong><\/p>\n<p>The following information provides a simple overview of what happens to your personal data when you visit our website. Personal data is any data that can be used to identify you personally. Detailed information on the subject of data protection can be found in our data protection declaration listed below this text.<\/p>\n\n\t\t<\/div> \n\t<\/div> \n\t<div class=\"wpb_text_column wpb_content_element  vc_custom_1619273406100\">\n\t\t<div class=\"wpb_wrapper\">\n\t\t\t<p><strong>Data collection on our website<\/strong><\/p>\n<p><strong>Who is responsible for data collection on this website?<\/strong><\/p>\n<p>Data processing on this website is carried out by the website operator. You can find the operator's contact details in the legal notice of this website.<\/p>\n\n\t\t<\/div> \n\t<\/div> \n\t<div class=\"wpb_text_column wpb_content_element  vc_custom_1619273414436\">\n\t\t<div class=\"wpb_wrapper\">\n\t\t\t<p><strong>How do we collect your data?<\/strong><\/p>\n<p>On the one hand, your data is collected when you provide it to us. This may, for example, be data that you enter in a contact form.\n\nOther data is collected automatically by our IT systems when you visit the website. This is primarily technical data (e.g. internet browser, operating system or time of page view). This data is collected automatically as soon as you enter our website.<\/p>\n<p>Other data is collected automatically by our IT systems when you visit the website. This is primarily technical data (e.g. internet browser, operating system or time of page view). This data is collected automatically as soon as you enter our website.<\/p>\n\n\t\t<\/div> \n\t<\/div> \n\t<div class=\"wpb_text_column wpb_content_element  vc_custom_1619273420995\">\n\t\t<div class=\"wpb_wrapper\">\n\t\t\t<p><strong>What do we use your data for?<\/strong><\/p>\n<p>Some of the data is collected to ensure that the website is provided without errors. Other data may be used to analyze your user behavior.<\/p>\n\n\t\t<\/div> \n\t<\/div> \n\t<div class=\"wpb_text_column wpb_content_element  vc_custom_1619273426958\">\n\t\t<div class=\"wpb_wrapper\">\n\t\t\t<p><strong>What rights do you have with regard to your data?<\/strong><\/p>\n<p>You have the right to receive information about the origin, recipient and purpose of your stored personal data free of charge at any time. You also have the right to request the correction, blocking or deletion of this data. You can contact us at any time at the address given in the legal notice if you have any further questions on the subject of data protection. You also have the right to lodge a complaint with the competent supervisory authority.<\/p>\n\n\t\t<\/div> \n\t<\/div> <\/div><\/div><\/div><\/div><\/div><\/div><div      class=\"vc_row wpb_row section vc_row-fluid vc_inner  vc_custom_1619273712121 grid_section\" style=' text-align:left;'><div class=\"section_inner clearfix\"><div class='section_inner_margin clearfix'><div class=\"wpb_column vc_column_container vc_col-sm-12\"><div class=\"vc_column-inner\"><div class=\"wpb_wrapper\">\n\t<div class=\"wpb_text_column wpb_content_element\">\n\t\t<div class=\"wpb_wrapper\">\n\t\t\t<h5><span style=\"color: #000000;\">2. General notes and mandatory information<\/span><\/h5>\n\n\t\t<\/div> \n\t<\/div> <div class=\"separator  transparent\" style=\"margin-top: 5px;margin-bottom: 5px;\"><\/div>\n\n\t<div class=\"wpb_text_column wpb_content_element  vc_custom_1619273509647\">\n\t\t<div class=\"wpb_wrapper\">\n\t\t\t<p><strong>Data protection<\/strong><\/p>\n<p>The operators of these pages take the protection of your personal data very seriously. We treat your personal data confidentially and in accordance with the statutory data protection regulations and this privacy policy.<\/p>\n<p>When you use this website, various personal data is collected. Personal data is data that can be used to identify you personally. This privacy policy explains what data we collect and what we use it for. It also explains how and for what purpose this is done.<\/p>\n<p>We would like to point out that data transmission over the Internet (e.g. when communicating by email) may be subject to security vulnerabilities. Complete protection of data against access by third parties is not possible.<\/p>\n\n\t\t<\/div> \n\t<\/div> \n\t<div class=\"wpb_text_column wpb_content_element  vc_custom_1619274335960\">\n\t\t<div class=\"wpb_wrapper\">\n\t\t\t<p><strong>Information on the responsible body<\/strong><\/p>\n<p>The responsible body for data processing on this website is<br \/>\n<div class=\"separator  transparent center\" style=\"margin-top: 25px;margin-bottom: 25px;\"><\/div>\n<p>SKUBB &amp; Partner Engineers<br \/>\nEngineering f\u00fcr den Fahrzeugbau<br \/>\nLessingstra\u00dfe 79<br \/>\n13158 Berlin<br \/>\n<div class=\"separator  transparent center\" style=\"margin-top: 15px;margin-bottom: 15px;\"><\/div>\n<p>Telefon: +49 &#8211; (0)30 &#8211; 69 80 74 30<br \/>\nE-Mail: <a href=\"mailto:info@skubb.de\">info@skubb.de<\/a><br \/>\n<div class=\"separator  transparent center\" style=\"margin-top: 25px;margin-bottom: 25px;\"><\/div>\n<p>The controller is the natural or legal person who alone or jointly with others determines the purposes and means of the processing of personal data (e.g. names, e-mail addresses, etc.).<\/p>\n\n\t\t<\/div> \n\t<\/div> \n\t<div class=\"wpb_text_column wpb_content_element  vc_custom_1619273555383\">\n\t\t<div class=\"wpb_wrapper\">\n\t\t\t<p><strong>Withdrawal of your consent to data processing<\/strong><\/p>\n<p>Many data processing operations are only possible with your express consent. You can withdraw your consent at any time. All you need to do is send us an informal e-mail. The legality of the data processing carried out until the revocation remains unaffected by the revocation.<\/p>\n\n\t\t<\/div> \n\t<\/div> \n\t<div class=\"wpb_text_column wpb_content_element  vc_custom_1619274037997\">\n\t\t<div class=\"wpb_wrapper\">\n\t\t\t<p><strong>Right to lodge a complaint with the competent supervisory authority<\/strong><\/p>\n<p>In the event of breaches of data protection law, the data subject has the right to lodge a complaint with the competent supervisory authority. The competent supervisory authority for data protection issues is the state data protection officer of the federal state in which our company is based. A list of data protection officers and their contact details can be found at the following link: https:\/\/www.bfdi.bund.de\/DE\/Infothek\/Anschriften_Links\/anschriften_links-node.html. <a href=\"https:\/\/www.bfdi.bund.de\/DE\/Infothek\/Anschriften_Links\/anschriften_links-node.html\" target=\"_blank\" rel=\"noopener\">https:\/\/www.bfdi.bund.de\/DE\/Infothek\/Anschriften_Links\/anschriften_links-node.html<\/a>.<\/p>\n\n\t\t<\/div> \n\t<\/div> \n\t<div class=\"wpb_text_column wpb_content_element  vc_custom_1619273596704\">\n\t\t<div class=\"wpb_wrapper\">\n\t\t\t<p><strong>Right to data portability<\/strong><\/p>\n<p>You have the right to have data that we process automatically on the basis of your consent or in fulfillment of a contract handed over to you or to a third party in a commonly used, machine-readable format. If you request the direct transfer of the data to another controller, this will only take place if it is technically feasible.<\/p>\n\n\t\t<\/div> \n\t<\/div> \n\t<div class=\"wpb_text_column wpb_content_element  vc_custom_1619273615583\">\n\t\t<div class=\"wpb_wrapper\">\n\t\t\t<p><strong>SSL or TLS encryption<\/strong><\/p>\n<p>This site uses SSL or TLS encryption for security reasons and to protect the transmission of confidential content, such as orders or inquiries that you send to us as the site operator. You can recognize an encrypted connection by the fact that the address line of the browser changes from \u201chttp:\/\/\u201d to \u201chttps:\/\/\u201d and by the lock symbol in your browser line.<\/p>\n<p>If SSL or TLS encryption is activated, the data you transmit to us cannot be read by third parties.<\/p>\n\n\t\t<\/div> \n\t<\/div> \n\t<div class=\"wpb_text_column wpb_content_element  vc_custom_1619273634731\">\n\t\t<div class=\"wpb_wrapper\">\n\t\t\t<p><strong>Information, blocking, deletion<\/strong><\/p>\n<p>You have the right to free information about your stored personal data, its origin and recipients and the purpose of the data processing and, if applicable, a right to correction, blocking or deletion of this data at any time within the framework of the applicable legal provisions. You can contact us at any time at the address given in the legal notice if you have further questions on the subject of personal data.<\/p>\n\n\t\t<\/div> \n\t<\/div> <\/div><\/div><\/div><\/div><\/div><\/div><div      class=\"vc_row wpb_row section vc_row-fluid vc_inner  vc_custom_1619273712121 grid_section\" style=' text-align:left;'><div class=\"section_inner clearfix\"><div class='section_inner_margin clearfix'><div class=\"wpb_column vc_column_container vc_col-sm-12\"><div class=\"vc_column-inner\"><div class=\"wpb_wrapper\">\n\t<div class=\"wpb_text_column wpb_content_element\">\n\t\t<div class=\"wpb_wrapper\">\n\t\t\t<h5><span style=\"color: #000000;\">3. Data collection on our website<\/span><\/h5>\n\n\t\t<\/div> \n\t<\/div> <div class=\"separator  transparent\" style=\"margin-top: 5px;margin-bottom: 5px;\"><\/div>\n\n\t<div class=\"wpb_text_column wpb_content_element  vc_custom_1619273931062\">\n\t\t<div class=\"wpb_wrapper\">\n\t\t\t<p><strong>Server log files<\/strong><\/p>\n<p>The provider of the pages automatically collects and stores information in so-called server log files, which your browser automatically transmits to us. These are<br \/>\n<div class=\"separator  transparent center\" style=\"margin-top: 25px;margin-bottom: 25px;\"><\/div>\n<ul>\n<li>Browser type and browser version<\/li>\n<li>Operating system used<\/li>\n<li>Referrer URL<\/li>\n<li>Host name of the accessing computer<\/li>\n<li>Time of the server request<\/li>\n<li>IP address<\/li>\n<\/ul>\n<div class=\"separator  transparent center\" style=\"margin-top: 25px;margin-bottom: 25px;\"><\/div>\n<br \/>\nThis data is not merged with other data sources.<\/p>\n<p>The basis for data processing is Art. 6 para. 1 lit. f GDPR, which permits the processing of data for the fulfillment of a contract or pre-contractual measures.<\/p>\n\n\t\t<\/div> \n\t<\/div> <\/div><\/div><\/div><\/div><\/div><\/div><div      class=\"vc_row wpb_row section vc_row-fluid vc_inner  vc_custom_1619273712121 grid_section\" style=' text-align:left;'><div class=\"section_inner clearfix\"><div class='section_inner_margin clearfix'><div class=\"wpb_column vc_column_container vc_col-sm-12\"><div class=\"vc_column-inner\"><div class=\"wpb_wrapper\">\n\t<div class=\"wpb_text_column wpb_content_element\">\n\t\t<div class=\"wpb_wrapper\">\n\t\t\t<h5><span style=\"color: #000000;\">4. Plugins and tools<\/span><\/h5>\n\n\t\t<\/div> \n\t<\/div> <div class=\"separator  transparent\" style=\"margin-top: 5px;margin-bottom: 5px;\"><\/div>\n\n\t<div class=\"wpb_text_column wpb_content_element  vc_custom_1619274010185\">\n\t\t<div class=\"wpb_wrapper\">\n\t\t\t<p><strong>Google Maps<\/strong><\/p>\n<p>This site uses the Google Maps map service via an API. The provider is Google Inc, 1600 Amphitheatre Parkway, Mountain View, CA 94043, USA.<\/p>\n<p>To use the functions of Google Maps, it is necessary to save your IP address. This information is usually transmitted to a Google server in the USA and stored there. The provider of this site has no influence on this data transfer.<\/p>\n<p>The use of Google Maps is in the interest of an appealing presentation of our online offers and to make it easy to find the places we have indicated on the website. This constitutes a legitimate interest within the meaning of Art. 6 para. 1 lit. f GDPR.<\/p>\n<p>You can find more information on the handling of user data in Google's privacy policy: https:\/\/www.google.de\/intl\/de\/policies\/privacy\/. <a href=\"https:\/\/www.google.de\/intl\/de\/policies\/privacy\/\" target=\"_blank\" rel=\"noopener\">https:\/\/www.google.de\/intl\/de\/policies\/privacy\/<\/a>.<\/p>\n\n\t\t<\/div> \n\t<\/div> <\/div><\/div><\/div><\/div><\/div><\/div><\/div><\/div><\/div><\/div><\/div>","protected":false},"excerpt":{"rendered":"Datenschutzerkl\u00e4rung Download der aktuellsten Version unserer Datenschutzerkl\u00e4rung 2018-05-25 1. Datenschutz auf einen Blick Allgemeine Hinweise Die folgenden Hinweise geben einen einfachen \u00dcberblick dar\u00fcber, was mit Ihren personenbezogenen Daten passiert, wenn Sie unsere Website besuchen. Personenbezogene Daten sind alle Daten, mit denen Sie pers\u00f6nlich identifiziert werden...","protected":false},"author":1,"featured_media":0,"parent":0,"menu_order":0,"comment_status":"closed","ping_status":"closed","template":"full_width.php","meta":{"footnotes":""},"class_list":["post-128","page","type-page","status-publish","hentry"],"_links":{"self":[{"href":"https:\/\/www.skubb.de\/en\/wp-json\/wp\/v2\/pages\/128","targetHints":{"allow":["GET"]}}],"collection":[{"href":"https:\/\/www.skubb.de\/en\/wp-json\/wp\/v2\/pages"}],"about":[{"href":"https:\/\/www.skubb.de\/en\/wp-json\/wp\/v2\/types\/page"}],"author":[{"embeddable":true,"href":"https:\/\/www.skubb.de\/en\/wp-json\/wp\/v2\/users\/1"}],"replies":[{"embeddable":true,"href":"https:\/\/www.skubb.de\/en\/wp-json\/wp\/v2\/comments?post=128"}],"version-history":[{"count":35,"href":"https:\/\/www.skubb.de\/en\/wp-json\/wp\/v2\/pages\/128\/revisions"}],"predecessor-version":[{"id":219,"href":"https:\/\/www.skubb.de\/en\/wp-json\/wp\/v2\/pages\/128\/revisions\/219"}],"wp:attachment":[{"href":"https:\/\/www.skubb.de\/en\/wp-json\/wp\/v2\/media?parent=128"}],"curies":[{"name":"wp","href":"https:\/\/api.w.org\/{rel}","templated":true}]}}